{"id":671,"date":"2019-03-07T21:47:45","date_gmt":"2019-03-07T21:47:45","guid":{"rendered":"https:\/\/medenka.hr\/?page_id=671"},"modified":"2019-03-07T21:52:31","modified_gmt":"2019-03-07T21:52:31","slug":"povijest","status":"publish","type":"page","link":"https:\/\/medenka.hr\/?page_id=671","title":{"rendered":"Povijest"},"content":{"rendered":"\t\t<div data-elementor-type=\"wp-post\" data-elementor-id=\"671\" class=\"elementor elementor-671 elementor-bc-flex-widget\">\n\t\t\t\t\t\t\t\t\t<section class=\"elementor-section elementor-top-section elementor-element elementor-element-f0e52ed elementor-section-boxed elementor-section-height-default elementor-section-height-default\" data-id=\"f0e52ed\" data-element_type=\"section\">\n\t\t\t\t\t\t<div class=\"elementor-container elementor-column-gap-default\">\n\t\t\t\t\t<div class=\"aux-parallax-section elementor-column elementor-col-100 elementor-top-column elementor-element elementor-element-2c1bdbe\" data-id=\"2c1bdbe\" data-element_type=\"column\">\n\t\t\t<div class=\"elementor-widget-wrap elementor-element-populated\">\n\t\t\t\t\t\t\t\t<div class=\"elementor-element elementor-element-b95870b elementor-widget elementor-widget-spacer\" data-id=\"b95870b\" data-element_type=\"widget\" data-widget_type=\"spacer.default\">\n\t\t\t\t<div class=\"elementor-widget-container\">\n\t\t\t\t\t<div class=\"elementor-spacer\">\n\t\t\t<div class=\"elementor-spacer-inner\"><\/div>\n\t\t<\/div>\n\t\t\t\t<\/div>\n\t\t\t\t<\/div>\n\t\t\t\t\t<\/div>\n\t\t<\/div>\n\t\t\t\t\t\t\t<\/div>\n\t\t<\/section>\n\t\t\t\t<section class=\"elementor-section elementor-top-section elementor-element elementor-element-e95f66f elementor-section-boxed elementor-section-height-default elementor-section-height-default\" data-id=\"e95f66f\" data-element_type=\"section\">\n\t\t\t\t\t\t<div class=\"elementor-container elementor-column-gap-default\">\n\t\t\t\t\t<div class=\"aux-parallax-section elementor-column elementor-col-100 elementor-top-column elementor-element elementor-element-260118e\" data-id=\"260118e\" data-element_type=\"column\">\n\t\t\t<div class=\"elementor-widget-wrap elementor-element-populated\">\n\t\t\t\t\t\t\t\t<div class=\"elementor-element elementor-element-412b26f elementor-widget elementor-widget-text-editor\" data-id=\"412b26f\" data-element_type=\"widget\" data-widget_type=\"text-editor.default\">\n\t\t\t\t<div class=\"elementor-widget-container\">\n\t\t\t\t\t\t\t<p>Upoznajte gljivarsko<\/p>\n<p>dru\u0161tvo &#8220;Medenka&#8221;<\/p>\t\t\t\t\t\t<\/div>\n\t\t\t\t<\/div>\n\t\t\t\t\t<\/div>\n\t\t<\/div>\n\t\t\t\t\t\t\t<\/div>\n\t\t<\/section>\n\t\t\t\t<section class=\"elementor-section elementor-top-section elementor-element elementor-element-100550f elementor-section-boxed elementor-section-height-default elementor-section-height-default\" data-id=\"100550f\" data-element_type=\"section\">\n\t\t\t\t\t\t<div class=\"elementor-container elementor-column-gap-default\">\n\t\t\t\t\t<div class=\"aux-parallax-section elementor-column elementor-col-100 elementor-top-column elementor-element elementor-element-33acaeaa\" data-id=\"33acaeaa\" data-element_type=\"column\">\n\t\t\t<div class=\"elementor-widget-wrap elementor-element-populated\">\n\t\t\t\t\t\t\t\t<div class=\"elementor-element elementor-element-7cb8616b elementor-widget elementor-widget-text-editor\" data-id=\"7cb8616b\" data-element_type=\"widget\" data-widget_type=\"text-editor.default\">\n\t\t\t\t<div class=\"elementor-widget-container\">\n\t\t\t\t\t\t\t<p><!-- wp:paragraph --><\/p>\n<p>\u00a0<\/p>\n<p><!-- \/wp:paragraph --><!-- wp:paragraph --><\/p>\n<p>\u00a0<\/p>\n<p>\u00a0<\/p>\n<p>Gljivarsko dru\u0161tvo \u201e Medenka\u201c Zlatar, osnovano je 25.01.2013. godine u \u010ditaonici osnovne \u0161kole Ante Kova\u010di\u0107a u Zlataru.Osnovali su ga sljede\u0107i zaljubljenici u svijet gljiva, \u0161umu i prirodu; Robert Pentek, Mirica Hoi\u0107 Curi\u0161, Vinko Domini\u0107, Josip Kuhari\u0107, Pero Muller, Dra\u017een Bajzek, Bogdan Rihtari\u0107, Dijana Fija\u010dko, Ivan Borovi\u0107, Milan Koralija, Ivana Posari\u0107, Luka Posari\u0107, Zvonko Puklin i Avelin Fija\u010dko.Izme\u0111u ostalog, istog je datuma done\u0161ena i odluka o pristupanju Gljivarskog dru\u0161tva \u201eMedenka\u201c Zlatar u Hrvatski mikolo\u0161ko-gljivarski savez, u koji smo u\u0161li kao 15 \u010dlanica Saveza. Danas Savez broji 30 \u010dlanica iz cijele Republike Hrvatske.<\/p>\n<p><!-- \/wp:paragraph --><!-- wp:paragraph --><\/p>\n<p>Za one koji \u017eele znati ne\u0161to o samoj gljivi, evo nekoliko korisnih informacija.<\/p>\n<p><!-- \/wp:paragraph --><!-- wp:paragraph --><\/p>\n<p><strong>MEDENKA ILI MEDENA PU\u017dEVICA<\/strong><\/p>\n<p><!-- \/wp:paragraph --><!-- wp:paragraph --><\/p>\n<p><strong>HYGROPHORUS RUSULLA &#8211; <\/strong> Klobuk promjera do 15 cm, ljepljiv, ru\u017ei\u010dastoljubi\u010dast s tamnijim lju\u0161\u010dicama koje su nasredini gu\u0161\u0107e, ponekad bjelkast i s rijetkim purpurnocrvenim lju\u0161\u010dicama, mesnat, u mladosti podvijena ruba, s vremenom otvoren i malo ulegnut, valovit, s vremenom izblijedi. Listi\u0107i bijeli i preljevaju se u ru\u017ei\u010datu, zatim s ru\u017ei\u010dastoljubi\u010dastim ili crvenocrnim pjegama, debeli i prirasli stru\u010dku, gusti. Stru\u010dak visine do 8 cm, debeo, pun bijel, pokriven s ru\u017ei\u010dastim, purpurnocrvenim pjegama, svjetliji od klobuka, u gornjem dijelu dlakast. Meso bijelo, na prerezu lagano pocrveni, debelo, tvrdo, blagog pomalo gorkog okusa, nenapadnog i ugodnog mirisa. Bijela otrusina. Raste ljeti i u jesen u listopadnim \u0161umama, osobito bukovim i hrastovim, na vapnenastom tlu, u skupinama. Vrlo dobra za jesti, mo\u017ee se i konzervirati, ali nije za su\u0161enje. Stariji primjerci se mogu ku\u0161ati, a ako su gorki onda ih odstranimo. Mo\u017eemo je zamjeniti sa crvenkastom pu\u017eevicom (hygrophorus erubescens) koja je tamnije vinskocrvene boje, a raste u crnogori\u010dnim \u0161umama i \u010dije meso ima gorak okus i zbog toga nije jestiva. Ne postoji opasnost od zamjene s opasnim gljivama.Vrlo je \u010desto nalazimo u \u0161umama zlatarskog kraja.Spada u red za\u0161ti\u0107enih vrsta gljiva.<\/p>\n<p><!-- \/wp:paragraph --><\/p>\t\t\t\t\t\t<\/div>\n\t\t\t\t<\/div>\n\t\t\t\t\t<\/div>\n\t\t<\/div>\n\t\t\t\t\t\t\t<\/div>\n\t\t<\/section>\n\t\t\t\t\t\t\t<\/div>\n\t\t","protected":false},"excerpt":{"rendered":"<p>Upoznajte gljivarsko dru\u0161tvo &#8220;Medenka&#8221; \u00a0 \u00a0 \u00a0 Gljivarsko dru\u0161tvo \u201e Medenka\u201c Zlatar, osnovano je 25.01.2013. godine u \u010ditaonici osnovne \u0161kole Ante Kova\u010di\u0107a u Zlataru.Osnovali su ga sljede\u0107i zaljubljenici u svijet gljiva, \u0161umu i prirodu; Robert Pentek, Mirica Hoi\u0107 Curi\u0161, Vinko Domini\u0107, Josip Kuhari\u0107, Pero Muller, Dra\u017een Bajzek, Bogdan Rihtari\u0107, Dijana Fija\u010dko, Ivan Borovi\u0107, Milan Koralija, [&hellip;]<\/p>\n","protected":false},"author":3,"featured_media":0,"parent":0,"menu_order":0,"comment_status":"closed","ping_status":"closed","template":"","meta":{"footnotes":""},"class_list":["post-671","page","type-page","status-publish","hentry"],"_links":{"self":[{"href":"https:\/\/medenka.hr\/index.php?rest_route=\/wp\/v2\/pages\/671","targetHints":{"allow":["GET"]}}],"collection":[{"href":"https:\/\/medenka.hr\/index.php?rest_route=\/wp\/v2\/pages"}],"about":[{"href":"https:\/\/medenka.hr\/index.php?rest_route=\/wp\/v2\/types\/page"}],"author":[{"embeddable":true,"href":"https:\/\/medenka.hr\/index.php?rest_route=\/wp\/v2\/users\/3"}],"replies":[{"embeddable":true,"href":"https:\/\/medenka.hr\/index.php?rest_route=%2Fwp%2Fv2%2Fcomments&post=671"}],"version-history":[{"count":3,"href":"https:\/\/medenka.hr\/index.php?rest_route=\/wp\/v2\/pages\/671\/revisions"}],"predecessor-version":[{"id":675,"href":"https:\/\/medenka.hr\/index.php?rest_route=\/wp\/v2\/pages\/671\/revisions\/675"}],"wp:attachment":[{"href":"https:\/\/medenka.hr\/index.php?rest_route=%2Fwp%2Fv2%2Fmedia&parent=671"}],"curies":[{"name":"wp","href":"https:\/\/api.w.org\/{rel}","templated":true}]}}