{"id":322,"date":"2019-03-05T09:08:46","date_gmt":"2019-03-05T09:08:46","guid":{"rendered":"https:\/\/medenka.hr\/?page_id=322"},"modified":"2019-03-08T09:21:07","modified_gmt":"2019-03-08T09:21:07","slug":"arhiva","status":"publish","type":"page","link":"https:\/\/medenka.hr\/?page_id=322","title":{"rendered":"Arhiva"},"content":{"rendered":"\t\t<div data-elementor-type=\"wp-post\" data-elementor-id=\"322\" class=\"elementor elementor-322 elementor-bc-flex-widget\">\n\t\t\t\t\t\t\t\t\t<section class=\"elementor-section elementor-top-section elementor-element elementor-element-33f0a62 elementor-section-boxed elementor-section-height-default elementor-section-height-default\" data-id=\"33f0a62\" data-element_type=\"section\">\n\t\t\t\t\t\t<div class=\"elementor-container elementor-column-gap-default\">\n\t\t\t\t\t<div class=\"aux-parallax-section elementor-column elementor-col-100 elementor-top-column elementor-element elementor-element-357e127\" data-id=\"357e127\" data-element_type=\"column\">\n\t\t\t<div class=\"elementor-widget-wrap elementor-element-populated\">\n\t\t\t\t\t\t\t\t<div class=\"elementor-element elementor-element-37beec6 elementor-widget elementor-widget-spacer\" data-id=\"37beec6\" data-element_type=\"widget\" data-widget_type=\"spacer.default\">\n\t\t\t\t<div class=\"elementor-widget-container\">\n\t\t\t\t\t<div class=\"elementor-spacer\">\n\t\t\t<div class=\"elementor-spacer-inner\"><\/div>\n\t\t<\/div>\n\t\t\t\t<\/div>\n\t\t\t\t<\/div>\n\t\t\t\t\t<\/div>\n\t\t<\/div>\n\t\t\t\t\t\t\t<\/div>\n\t\t<\/section>\n\t\t\t\t<section class=\"elementor-section elementor-top-section elementor-element elementor-element-21d61b4 elementor-section-stretched elementor-section-boxed elementor-section-height-default elementor-section-height-default\" data-id=\"21d61b4\" data-element_type=\"section\" data-settings=\"{&quot;stretch_section&quot;:&quot;section-stretched&quot;}\">\n\t\t\t\t\t\t<div class=\"elementor-container elementor-column-gap-default\">\n\t\t\t\t\t<div class=\"aux-parallax-section elementor-column elementor-col-100 elementor-top-column elementor-element elementor-element-0ecd227\" data-id=\"0ecd227\" data-element_type=\"column\">\n\t\t\t<div class=\"elementor-widget-wrap elementor-element-populated\">\n\t\t\t\t\t\t\t\t<div class=\"elementor-element elementor-element-b537eb3 elementor-widget elementor-widget-text-editor\" data-id=\"b537eb3\" data-element_type=\"widget\" data-widget_type=\"text-editor.default\">\n\t\t\t\t<div class=\"elementor-widget-container\">\n\t\t\t\t\t\t\t\t\t\t\t\t\t<\/div>\n\t\t\t\t<\/div>\n\t\t\t\t<div class=\"elementor-element elementor-element-09af9b3 elementor-widget elementor-widget-text-editor\" data-id=\"09af9b3\" data-element_type=\"widget\" data-widget_type=\"text-editor.default\">\n\t\t\t\t<div class=\"elementor-widget-container\">\n\t\t\t\t\t\t\t<p>Arhiva vijesti i doga\u0111aja<\/p>\t\t\t\t\t\t<\/div>\n\t\t\t\t<\/div>\n\t\t\t\t\t<\/div>\n\t\t<\/div>\n\t\t\t\t\t\t\t<\/div>\n\t\t<\/section>\n\t\t\t\t<section class=\"elementor-section elementor-top-section elementor-element elementor-element-59f64daa elementor-section-boxed elementor-section-height-default elementor-section-height-default\" data-id=\"59f64daa\" data-element_type=\"section\">\n\t\t\t\t\t\t<div class=\"elementor-container elementor-column-gap-default\">\n\t\t\t\t\t<div class=\"aux-parallax-section elementor-column elementor-col-100 elementor-top-column elementor-element elementor-element-59dad47c\" data-id=\"59dad47c\" data-element_type=\"column\">\n\t\t\t<div class=\"elementor-widget-wrap elementor-element-populated\">\n\t\t\t\t\t\t\t\t<div class=\"elementor-element elementor-element-56a09fa5 elementor-widget elementor-widget-text-editor\" data-id=\"56a09fa5\" data-element_type=\"widget\" data-widget_type=\"text-editor.default\">\n\t\t\t\t<div class=\"elementor-widget-container\">\n\t\t\t\t\t\t\t<p><!-- wp:paragraph {\"fontSize\":\"medium\"} --><\/p>\n<p><!-- wp:paragraph --><\/p>\n<p><div class=\"sya_container\" id=\"sya_container\"><a id=\"year2025\"><\/a><a href=\"https:\/\/medenka.hr\/?m=2025\" rel=\"section\">2025<\/a><ul><li class=\"\"><div class=\"sya_postcontent\"><span class=\"sya_date\">24. prosinca <span class=\"sya_sep\"> <\/span><\/span><a href=\"https:\/\/medenka.hr\/?p=1514\" class=\"sya_postlink post-1514\" rel=\"bookmark\">Sretan Bo\u017ei\u0107 i nova 2026. godina!<\/a><\/div><\/li><li class=\"\"><div class=\"sya_postcontent\"><span class=\"sya_date\">01. rujna <span class=\"sya_sep\"> <\/span><\/span><a href=\"https:\/\/medenka.hr\/?p=1505\" class=\"sya_postlink post-1505\" rel=\"bookmark\">10. Gljivarenje v zlatarskom kraju<\/a><div style=\"padding-left:0px\" class=\"robots-nocontent\"><cite>U subotu  6. 9. 2025. Medenka organizira 10. Me\u0111unarodno gljivarenje v zlatarskom kraju. Okupljanje gljivara i posjetitelja je kod Lova\u010dkog doma LD \u201cZaj\u010dek\u201d Zlatar u Martin\u0161\u010dini.<\/cite><\/div><\/div><\/li><li class=\"\"><div class=\"sya_postcontent\"><span class=\"sya_date\">16. svibnja <span class=\"sya_sep\"> <\/span><\/span><a href=\"https:\/\/medenka.hr\/?p=1488\" class=\"sya_postlink post-1488\" rel=\"bookmark\">Gljive i ljekovito bilje<\/a><div style=\"padding-left:0px\" class=\"robots-nocontent\"><cite>U subotu 24. 5. 2025. godine GD Medenka organizira predavanje o gljivama i ljekovitom bilju. Predava\u010d je Dubravko Furlan, mag. theol., determinator iz GD Kamilo Blagaji\u0107 iz Zagreba. Dobrodo\u0161li!<\/cite><\/div><\/div><\/li><li class=\"\"><div class=\"sya_postcontent\"><span class=\"sya_date\">18. travnja <span class=\"sya_sep\"> <\/span><\/span><a href=\"https:\/\/medenka.hr\/?p=1480\" class=\"sya_postlink post-1480\" rel=\"bookmark\">\u010cestit i blagoslovljen Uskrs!<\/a><\/div><\/li><\/ul><a id=\"year2024\"><\/a><a href=\"https:\/\/medenka.hr\/?m=2024\" rel=\"section\">2024<\/a><ul><li class=\"\"><div class=\"sya_postcontent\"><span class=\"sya_date\">26. prosinca <span class=\"sya_sep\"> <\/span><\/span><a href=\"https:\/\/medenka.hr\/?p=1471\" class=\"sya_postlink post-1471\" rel=\"bookmark\">Sretan Bo\u017ei\u0107 i nova 2025. godina!<\/a><\/div><\/li><li class=\"\"><div class=\"sya_postcontent\"><span class=\"sya_date\">09. rujna <span class=\"sya_sep\"> <\/span><\/span><a href=\"https:\/\/medenka.hr\/?p=1446\" class=\"sya_postlink post-1446\" rel=\"bookmark\">Odr\u017eana 9. gljivarijada<\/a><div style=\"padding-left:0px\" class=\"robots-nocontent\"><cite>Gljivarsko dru\u0161tvo \u2018Medenka\u2019 iz Zlatara, ove je subote 7. 9. 2024. organiziralo \u20189. Gljivarenje v zlatarskom kraju\u2019, koje je odr\u017eano pod pokroviteljstvom\nGrada Zlatara, Turisti\u010dke zajednice Zlatni istok Zagorja, Krapinsko \u2013\nzagorske \u017eupanije i Turisti\u010dke zajednice KZ\u017d.<\/cite><\/div><\/div><\/li><li class=\"\"><div class=\"sya_postcontent\"><span class=\"sya_date\">14. kolovoza <span class=\"sya_sep\"> <\/span><\/span><a href=\"https:\/\/medenka.hr\/?p=1430\" class=\"sya_postlink post-1430\" rel=\"bookmark\">9. Gljivarenje v zlatarskom kraju<\/a><div style=\"padding-left:0px\" class=\"robots-nocontent\"><cite>U subotu  7. 9. 2024. Medenka organizira 9. Me\u0111unarodno gljivarenje v zlatarskom kraju. Okupljanje gljivara i posjetitelja je kod Lova\u010dkog doma LD \u201cZaj\u010dek\u201d Zlatar u Martin\u0161\u010dini.<\/cite><\/div><\/div><\/li><li class=\"\"><div class=\"sya_postcontent\"><span class=\"sya_date\">22. svibnja <span class=\"sya_sep\"> <\/span><\/span><a href=\"https:\/\/medenka.hr\/?p=1418\" class=\"sya_postlink post-1418\" rel=\"bookmark\">Radionica za ku\u0107ni uzgoj bukova\u010da i brjestova\u010da<\/a><div style=\"padding-left:0px\" class=\"robots-nocontent\"><cite>U subotu 1.  6. 2024. godine GD Medenka organizira radionicu za ku\u0107ni uzgoj bukova\u010da i brjestova\u010da. Ulaz je slobodan. Dobrodo\u0161li!<\/cite><\/div><\/div><\/li><li class=\"\"><div class=\"sya_postcontent\"><span class=\"sya_date\">29. o\u017eujka <span class=\"sya_sep\"> <\/span><\/span><a href=\"https:\/\/medenka.hr\/?p=1409\" class=\"sya_postlink post-1409\" rel=\"bookmark\">\u010cestit i blagoslovljen Uskrs!<\/a><\/div><\/li><li class=\"\"><div class=\"sya_postcontent\"><span class=\"sya_date\">03. velja\u010de <span class=\"sya_sep\"> <\/span><\/span><a href=\"https:\/\/medenka.hr\/?p=1391\" class=\"sya_postlink post-1391\" rel=\"bookmark\">Odr\u017eana redovna skup\u0161tina<\/a><div style=\"padding-left:0px\" class=\"robots-nocontent\"><cite>Skup\u0161tina Gljivarskog dru\u0161tva Medenka Zlatar odr\u017eana je 27. sije\u010dnja 2024. godine. Rad udruge i planove za ovu godinu predstavio je predsjednik Avelin Fija\u010dko.<\/cite><\/div><\/div><\/li><\/ul><a id=\"year2023\"><\/a><a href=\"https:\/\/medenka.hr\/?m=2023\" rel=\"section\">2023<\/a><ul><li class=\"\"><div class=\"sya_postcontent\"><span class=\"sya_date\">22. prosinca <span class=\"sya_sep\"> <\/span><\/span><a href=\"https:\/\/medenka.hr\/?p=1377\" class=\"sya_postlink post-1377\" rel=\"bookmark\">Sretan Bo\u017ei\u0107 i nova 2024. godina!<\/a><\/div><\/li><li class=\"\"><div class=\"sya_postcontent\"><span class=\"sya_date\">01. kolovoza <span class=\"sya_sep\"> <\/span><\/span><a href=\"https:\/\/medenka.hr\/?p=1360\" class=\"sya_postlink post-1360\" rel=\"bookmark\">8. Gljivarenje v zlatarskom kraju<\/a><div style=\"padding-left:0px\" class=\"robots-nocontent\"><cite>U subotu  2. 9. 2023. Medenka organizira 8. Me\u0111unarodno gljivarenje v zlatarskom kraju. Okupljanje gljivara i posjetitelja je kod Lova\u010dkog doma LD \u201cZaj\u010dek\u201d Zlatar u Martin\u0161\u010dini.<\/cite><\/div><\/div><\/li><li class=\"\"><div class=\"sya_postcontent\"><span class=\"sya_date\">03. lipnja <span class=\"sya_sep\"> <\/span><\/span><a href=\"https:\/\/medenka.hr\/?p=1353\" class=\"sya_postlink post-1353\" rel=\"bookmark\">Poziv na radionicu 9. 6. 2023.<\/a><div style=\"padding-left:0px\" class=\"robots-nocontent\"><cite>U petak 9. 6. 2023. godine Medenka organizira radionicu za uzgoj zlatnih bukova\u010da. Predava\u010d i voditelj radionice je profesor Branko Bartoli\u0107 iz HGMS-a. Radionica je besplatna. Dobrodo\u0161li!<\/cite><\/div><\/div><\/li><li class=\"\"><div class=\"sya_postcontent\"><span class=\"sya_date\">18. svibnja <span class=\"sya_sep\"> <\/span><\/span><a href=\"https:\/\/medenka.hr\/?p=1341\" class=\"sya_postlink post-1341\" rel=\"bookmark\">Gljive u kuhinji<\/a><div style=\"padding-left:0px\" class=\"robots-nocontent\"><cite>U petak 26. 5. 2023. godine GD Medenka organizira predavanje i radionicu determinatora-mentora Ervina Raguzina iz Udruge gljivara &#8220;O\u017eujka&#8221;, Rijeka. Ulaz je slobodan. Dobrodo\u0161li!<\/cite><\/div><\/div><\/li><li class=\"\"><div class=\"sya_postcontent\"><span class=\"sya_date\">06. travnja <span class=\"sya_sep\"> <\/span><\/span><a href=\"https:\/\/medenka.hr\/?p=1316\" class=\"sya_postlink post-1316\" rel=\"bookmark\">Deset godina Medenke<\/a><div style=\"padding-left:0px\" class=\"robots-nocontent\"><cite>Gljivarsko dru\u0161tvo Medenka obilje\u017eilo je desetlje\u0107e uspje\u0161noga djelovanja. Izvje\u0161tajna skup\u0161tina odr\u017eana je 28 .1 2023. godine.<\/cite><\/div><\/div><\/li><\/ul><a id=\"year2022\"><\/a><a href=\"https:\/\/medenka.hr\/?m=2022\" rel=\"section\">2022<\/a><ul><li class=\"\"><div class=\"sya_postcontent\"><span class=\"sya_date\">30. prosinca <span class=\"sya_sep\"> <\/span><\/span><a href=\"https:\/\/medenka.hr\/?p=1299\" class=\"sya_postlink post-1299\" rel=\"bookmark\">Sretan Bo\u017ei\u0107 i nova 2023. godina!<\/a><\/div><\/li><li class=\"\"><div class=\"sya_postcontent\"><span class=\"sya_date\">20. srpnja <span class=\"sya_sep\"> <\/span><\/span><a href=\"https:\/\/medenka.hr\/?p=1278\" class=\"sya_postlink post-1278\" rel=\"bookmark\">7. Gljivarenje v zlatarskom kraju<\/a><div style=\"padding-left:0px\" class=\"robots-nocontent\"><cite>U subotu  3. 9. 2022. Medenka organizira 7. Me\u0111unarodno gljivarenje v zlatarskom kraju. Okupljanje gljivara i posjetitelja je kod Lova\u010dkog doma LD \u201cZaj\u010dek\u201d Zlatar u Martin\u0161\u010dini.<\/cite><\/div><\/div><\/li><li class=\"\"><div class=\"sya_postcontent\"><span class=\"sya_date\">17. lipnja <span class=\"sya_sep\"> <\/span><\/span><a href=\"https:\/\/medenka.hr\/?p=1253\" class=\"sya_postlink post-1253\" rel=\"bookmark\">Predavanje o ljekovitim gljivama<\/a><div style=\"padding-left:0px\" class=\"robots-nocontent\"><cite>U subotu 25. 6. 2022. godine GD Medenka organizira predavanje o ljekovitim gljivama. Ulaz je slobodan. Dobrodo\u0161li!<\/cite><\/div><\/div><\/li><li class=\"\"><div class=\"sya_postcontent\"><span class=\"sya_date\">08. lipnja <span class=\"sya_sep\"> <\/span><\/span><a href=\"https:\/\/medenka.hr\/?p=1219\" class=\"sya_postlink post-1219\" rel=\"bookmark\">Poziv na radionicu 10. 6. 2022.<\/a><div style=\"padding-left:0px\" class=\"robots-nocontent\"><cite>U petak 10. 6. 2022. godine u 15.00 sati\u00a0 Medenka organizira radionicu za uzgoj zlatnih bukova\u010da. Predava\u010d i voditelj radionice je profesor Branko Bartoli\u0107 iz HGMS-a. Radionica je besplatna. Dobrodo\u0161li!<\/cite><\/div><\/div><\/li><\/ul><a id=\"year2021\"><\/a><a href=\"https:\/\/medenka.hr\/?m=2021\" rel=\"section\">2021<\/a><ul><li class=\"\"><div class=\"sya_postcontent\"><span class=\"sya_date\">17. lipnja <span class=\"sya_sep\"> <\/span><\/span><a href=\"https:\/\/medenka.hr\/?p=1199\" class=\"sya_postlink post-1199\" rel=\"bookmark\">Poziv na radionicu 26. 6. 2021.<\/a><div style=\"padding-left:0px\" class=\"robots-nocontent\"><cite>U subotu 26. 6. 2021. godine Medenka organizira radionicu za uzgoj zlatnih bukova\u010da. Predava\u010d i voditelj radionice je profesor Branko Bartoli\u0107 iz HGMS-a. Radionica je besplatna. Dobrodo\u0161li!<\/cite><\/div><\/div><\/li><li class=\"\"><div class=\"sya_postcontent\"><span class=\"sya_date\">01. lipnja <span class=\"sya_sep\"> <\/span><\/span><a href=\"https:\/\/medenka.hr\/?p=1190\" class=\"sya_postlink post-1190\" rel=\"bookmark\">Predavanje o ljekovitim gljivama<\/a><div style=\"padding-left:0px\" class=\"robots-nocontent\"><cite>U subotu 12. 6. 2021. godine GD Medenka organizira predavanje o ljekovitim gljivama. Ulaz je slobodan uz pridr\u017eavanje aktualnih epidemiolo\u0161kih mjera. Dobrodo\u0161li!<\/cite><\/div><\/div><\/li><li class=\"\"><div class=\"sya_postcontent\"><span class=\"sya_date\">03. travnja <span class=\"sya_sep\"> <\/span><\/span><a href=\"https:\/\/medenka.hr\/?p=1171\" class=\"sya_postlink post-1171\" rel=\"bookmark\">\u010cestit i blagoslovljen Uskrs!<\/a><\/div><\/li><\/ul><a id=\"year2020\"><\/a><a href=\"https:\/\/medenka.hr\/?m=2020\" rel=\"section\">2020<\/a><ul><li class=\"\"><div class=\"sya_postcontent\"><span class=\"sya_date\">23. prosinca <span class=\"sya_sep\"> <\/span><\/span><a href=\"https:\/\/medenka.hr\/?p=1152\" class=\"sya_postlink post-1152\" rel=\"bookmark\">Sve najbolje od Medenke!<\/a><\/div><\/li><li class=\"\"><div class=\"sya_postcontent\"><span class=\"sya_date\">11. kolovoza <span class=\"sya_sep\"> <\/span><\/span><a href=\"https:\/\/medenka.hr\/?p=1139\" class=\"sya_postlink post-1139\" rel=\"bookmark\">Otkazana 7. gljivarijda<\/a><div style=\"padding-left:0px\" class=\"robots-nocontent\"><cite>Obavje\u0161tavamo sve ljubitelje gljiva da se 7. me\u0111unarodna gljivarijada Gljivarskog dru\u0161tva Medenka Zlatar, predvi\u0111ena za 05.09.2020., otkazuje zbog pandemije virusa COVID-19.<\/cite><\/div><\/div><\/li><li class=\"\"><div class=\"sya_postcontent\"><span class=\"sya_date\">24. lipnja <span class=\"sya_sep\"> <\/span><\/span><a href=\"https:\/\/medenka.hr\/?p=1117\" class=\"sya_postlink post-1117\" rel=\"bookmark\">Radionica o uzgoju bukova\u010da<\/a><div style=\"padding-left:0px\" class=\"robots-nocontent\"><cite>U organizaciji Gljivarskog dru\u0161tva Medenka i Hrvatskog mikolo\u0161ko-gljivarskog saveza u Zlataru je u subotu 13. 6. 2020. odr\u017eana radionica o ku\u0107nom uzgoju bukova\u010da. Radionicu je vodio determinator-mentor prof. Branko Bartoli\u0107, predsjednik Gljivarskog saveza.<\/cite><\/div><\/div><\/li><li class=\"\"><div class=\"sya_postcontent\"><span class=\"sya_date\">02. lipnja <span class=\"sya_sep\"> <\/span><\/span><a href=\"https:\/\/medenka.hr\/?p=1079\" class=\"sya_postlink post-1079\" rel=\"bookmark\">Poziv na radionicu 13. 6. 2020.<\/a><div style=\"padding-left:0px\" class=\"robots-nocontent\"><cite>U subotu 13. 6. 2020. godine Medenka organizira radionicu za uzgoj bukova\u010da. Predava\u010d i voditelj radionice je profesor Branko Bartoli\u0107 iz HGMS-a. Radionica je besplatna. Dobrodo\u0161li!<\/cite><\/div><\/div><\/li><li class=\"\"><div class=\"sya_postcontent\"><span class=\"sya_date\">04. velja\u010de <span class=\"sya_sep\"> <\/span><\/span><a href=\"https:\/\/medenka.hr\/?p=1059\" class=\"sya_postlink post-1059\" rel=\"bookmark\">Medenka odr\u017eala skup\u0161tinu<\/a><div style=\"padding-left:0px\" class=\"robots-nocontent\"><cite>Gljivarsko dru\u0161tvo Medenka obilje\u017eilo je desetlje\u0107e uspje\u0161noga djelovanja. Izvje\u0161tajna skup\u0161tina odr\u017eana je 28 .1 2023.<\/cite><\/div><\/div><\/li><\/ul><a id=\"year2019\"><\/a><a href=\"https:\/\/medenka.hr\/?m=2019\" rel=\"section\">2019<\/a><ul><li class=\"\"><div class=\"sya_postcontent\"><span class=\"sya_date\">23. prosinca <span class=\"sya_sep\"> <\/span><\/span><a href=\"https:\/\/medenka.hr\/?p=1041\" class=\"sya_postlink post-1041\" rel=\"bookmark\">Sve najbolje od Medenke!<\/a><\/div><\/li><li class=\"\"><div class=\"sya_postcontent\"><span class=\"sya_date\">31. srpnja <span class=\"sya_sep\"> <\/span><\/span><a href=\"https:\/\/medenka.hr\/?p=1003\" class=\"sya_postlink post-1003\" rel=\"bookmark\">6. Gljivarenje v zlatarskom kraju<\/a><div style=\"padding-left:0px\" class=\"robots-nocontent\"><cite>U subotu  7. 9. 2019. Medenka organizira 6. Gljivarenje v zlatarskom kraju. Okupljanje gljivara i posjetitelja je kod Lova\u010dkog doma LD \u201cZaj\u010dek\u201d Zlatar u Martin\u0161\u010dini.<\/cite><\/div><\/div><\/li><li class=\"\"><div class=\"sya_postcontent\"><span class=\"sya_date\">16. svibnja <span class=\"sya_sep\"> <\/span><\/span><a href=\"https:\/\/medenka.hr\/?p=968\" class=\"sya_postlink post-968\" rel=\"bookmark\">Poziv na radionicu 25. 5. 2019.<\/a><div style=\"padding-left:0px\" class=\"robots-nocontent\"><cite>U subotu 25. 5. 2019. godine Medenka organizira radionicu za uzgoj bukova\u010da. Predava\u010d i voditelj radionice je profesor Branko Bartoli\u0107 iz HGMS-a. Radionica je besplatna. Dobrodo\u0161li!<\/cite><\/div><\/div><\/li><li class=\"\"><div class=\"sya_postcontent\"><span class=\"sya_date\">05. o\u017eujka <span class=\"sya_sep\"> <\/span><\/span><a href=\"https:\/\/medenka.hr\/?p=288\" class=\"sya_postlink post-288\" rel=\"bookmark\">5. Gljivarenje v zlatarskom kraju<\/a><div style=\"padding-left:0px\" class=\"robots-nocontent\"><cite>Gljivarsko dru\u0161tvo \u2018Medenka\u2019 iz Zlatara, pro\u0161le je subote organiziralo \u20185. Gljivarenje v zlatarskom kraju\u2019, koje je odr\u017eano pod pokroviteljstvom Grada Zlatara i zlatarske Turisti\u010dke zajednice, Krapinsko \u2013 zagorske \u017eupanije i Turisti\u010dke zajednice KZ\u017d . Gljivarijada na obroncima Ivan\u010dice, kod Lova\u010dkog doma LD \u2018Zaj\u010dek\u2019 , okupila je 15 \u2013 ak gljivarskih dru\u0161tava iz Hrvatske, a stigli su tu i gljivari iz Slovenije.<\/cite><\/div><\/div><\/li><\/ul><a id=\"year2018\"><\/a><a href=\"https:\/\/medenka.hr\/?m=2018\" rel=\"section\">2018<\/a><ul><li class=\"\"><div class=\"sya_postcontent\"><span class=\"sya_date\">28. rujna <span class=\"sya_sep\"> <\/span><\/span><a href=\"https:\/\/medenka.hr\/?p=210\" class=\"sya_postlink post-210\" rel=\"bookmark\">Medenka priredila izlo\u017ebu gljiva<\/a><div style=\"padding-left:0px\" class=\"robots-nocontent\"><cite>U sklopu 49. manifestacije &#8220;Dani kajkavske rije\u010di&#8221; u  \u010detvrtak 27. rujna 2018. u O\u0160 Ante Kova\u010di\u0107a Zlatar gra\u0111ani su imali priliku pogledati izlo\u017ebu gljiva Gljivarskog dru\u0161tva \u201cMedenka\u201d. O izlo\u017eenim vrstama gljiva predavanje je odra\u017eao profesor Branko Bartoli\u0107 iz Hrvatskog mikolo\u0161ko-gljivarskog saveza.<\/cite><\/div><\/div><\/li><li class=\"\"><div class=\"sya_postcontent\"><span class=\"sya_date\">22. kolovoza <span class=\"sya_sep\"> <\/span><\/span><a href=\"https:\/\/medenka.hr\/?p=207\" class=\"sya_postlink post-207\" rel=\"bookmark\">Medenka u Stubakima<\/a><div style=\"padding-left:0px\" class=\"robots-nocontent\"><cite>ove godine Gljivarsko dru\u0161tvo &#8220;Medenka&#8221; sudjelovalo je na gljivarenju u Stubakima, koje je odr\u017eano po 22. put. Doga\u0111anje je zapo\u010delo u 10 sati okupljanjem u Parku voza\u010da u Pili te odlaskom u \u0161umu, odakle su bera\u010di donijeli razne gljive koje je kasnije determinirao i predstavio ve\u0107 stalni gost topli\u010dke gljivarijade, vrhunski znalac o gljivama Mladen Stri\u017eak.<\/cite><\/div><\/div><\/li><\/ul><\/div><\/p>\n<p><!-- \/wp:paragraph --><\/p>\t\t\t\t\t\t<\/div>\n\t\t\t\t<\/div>\n\t\t\t\t\t<\/div>\n\t\t<\/div>\n\t\t\t\t\t\t\t<\/div>\n\t\t<\/section>\n\t\t\t\t<section class=\"elementor-section elementor-top-section elementor-element elementor-element-1e77f83 elementor-section-boxed elementor-section-height-default elementor-section-height-default\" data-id=\"1e77f83\" data-element_type=\"section\">\n\t\t\t\t\t\t<div class=\"elementor-container elementor-column-gap-default\">\n\t\t\t\t\t<div class=\"aux-parallax-section elementor-column elementor-col-100 elementor-top-column elementor-element elementor-element-395cb24\" data-id=\"395cb24\" data-element_type=\"column\">\n\t\t\t<div class=\"elementor-widget-wrap elementor-element-populated\">\n\t\t\t\t\t\t\t\t<div class=\"elementor-element elementor-element-11069a6 elementor-widget elementor-widget-spacer\" data-id=\"11069a6\" data-element_type=\"widget\" data-widget_type=\"spacer.default\">\n\t\t\t\t<div class=\"elementor-widget-container\">\n\t\t\t\t\t<div class=\"elementor-spacer\">\n\t\t\t<div class=\"elementor-spacer-inner\"><\/div>\n\t\t<\/div>\n\t\t\t\t<\/div>\n\t\t\t\t<\/div>\n\t\t\t\t\t<\/div>\n\t\t<\/div>\n\t\t\t\t\t\t\t<\/div>\n\t\t<\/section>\n\t\t\t\t\t\t\t<\/div>\n\t\t","protected":false},"excerpt":{"rendered":"<p>Arhiva vijesti i doga\u0111aja<\/p>\n","protected":false},"author":3,"featured_media":0,"parent":0,"menu_order":0,"comment_status":"closed","ping_status":"closed","template":"","meta":{"footnotes":""},"class_list":["post-322","page","type-page","status-publish","hentry"],"_links":{"self":[{"href":"https:\/\/medenka.hr\/index.php?rest_route=\/wp\/v2\/pages\/322","targetHints":{"allow":["GET"]}}],"collection":[{"href":"https:\/\/medenka.hr\/index.php?rest_route=\/wp\/v2\/pages"}],"about":[{"href":"https:\/\/medenka.hr\/index.php?rest_route=\/wp\/v2\/types\/page"}],"author":[{"embeddable":true,"href":"https:\/\/medenka.hr\/index.php?rest_route=\/wp\/v2\/users\/3"}],"replies":[{"embeddable":true,"href":"https:\/\/medenka.hr\/index.php?rest_route=%2Fwp%2Fv2%2Fcomments&post=322"}],"version-history":[{"count":8,"href":"https:\/\/medenka.hr\/index.php?rest_route=\/wp\/v2\/pages\/322\/revisions"}],"predecessor-version":[{"id":684,"href":"https:\/\/medenka.hr\/index.php?rest_route=\/wp\/v2\/pages\/322\/revisions\/684"}],"wp:attachment":[{"href":"https:\/\/medenka.hr\/index.php?rest_route=%2Fwp%2Fv2%2Fmedia&parent=322"}],"curies":[{"name":"wp","href":"https:\/\/api.w.org\/{rel}","templated":true}]}}